{"id":59,"date":"2024-09-25T12:27:36","date_gmt":"2024-09-25T12:27:36","guid":{"rendered":"https:\/\/naturheilpraxis-limbach.de\/?page_id=59"},"modified":"2025-06-10T10:59:06","modified_gmt":"2025-06-10T10:59:06","slug":"patienteninformation","status":"publish","type":"page","link":"https:\/\/naturheilpraxis-limbach.de\/?page_id=59","title":{"rendered":"Patienteninformation"},"content":{"rendered":"\t\t<div data-elementor-type=\"wp-page\" data-elementor-id=\"59\" class=\"elementor elementor-59\">\n\t\t\t\t<div class=\"elementor-element elementor-element-9a31714 e-flex e-con-boxed e-con e-parent\" data-id=\"9a31714\" data-element_type=\"container\" data-e-type=\"container\">\n\t\t\t\t\t<div class=\"e-con-inner\">\n\t\t\t\t<div class=\"elementor-element elementor-element-df3d350 elementor-widget elementor-widget-text-editor\" data-id=\"df3d350\" data-element_type=\"widget\" data-e-type=\"widget\" data-widget_type=\"text-editor.default\">\n\t\t\t\t<div class=\"elementor-widget-container\">\n\t\t\t\t\t\t\t\t\t<p>Wir sind eine Bestellpraxis, darum bitten wir um telefonische Terminvereinbarung.<\/p>\n<p>Die Bezahlung der Behandlung erfolgt normalerweise in bar, leider ist bei uns keine EC-Zahlung m\u00f6glich. Bitte sprechen Sie uns f\u00fcr alternative Zahlungsm\u00f6glichkeiten pers\u00f6nlich an.<\/p>\n<p>Privat- und Zusatzversicherte Patienten bekommen f\u00fcr die Behandlung (wir rechnen Quartalsweise ab) eine Rechnung, die bei der Kasse oder Versicherung eingereicht werden kann.&nbsp;<\/p>\n<p>Wir nehmen auch neue Patienten auf. Bitte kontaktieren Sie uns telefonisch f\u00fcr die Terminabsprache. Bitte versuchen Sie es \u00f6fter mal, wenn wir im Gespr\u00e4ch sind, kann es manchmal l\u00e4nger dauern, bis die Leitungen wieder frei sind. Vielen Dank.&nbsp;<\/p>\t\t\t\t\t\t\t\t<\/div>\n\t\t\t\t<\/div>\n\t\t\t\t\t<\/div>\n\t\t\t\t<\/div>\n\t\t\t\t<\/div>\n\t\t","protected":false},"excerpt":{"rendered":"<p>Wir sind eine Bestellpraxis, darum bitten wir um telefonische Terminvereinbarung. Die Bezahlung der Behandlung erfolgt normalerweise in bar, leider ist bei uns keine EC-Zahlung m\u00f6glich. Bitte sprechen Sie uns f\u00fcr alternative Zahlungsm\u00f6glichkeiten pers\u00f6nlich an. Privat- und Zusatzversicherte Patienten bekommen f\u00fcr die Behandlung (wir rechnen Quartalsweise ab) eine Rechnung, die bei der Kasse oder Versicherung eingereicht [&hellip;]<\/p>\n","protected":false},"author":1,"featured_media":0,"parent":0,"menu_order":0,"comment_status":"closed","ping_status":"closed","template":"","meta":{"footnotes":""},"class_list":["post-59","page","type-page","status-publish","hentry"],"_links":{"self":[{"href":"https:\/\/naturheilpraxis-limbach.de\/index.php?rest_route=\/wp\/v2\/pages\/59","targetHints":{"allow":["GET"]}}],"collection":[{"href":"https:\/\/naturheilpraxis-limbach.de\/index.php?rest_route=\/wp\/v2\/pages"}],"about":[{"href":"https:\/\/naturheilpraxis-limbach.de\/index.php?rest_route=\/wp\/v2\/types\/page"}],"author":[{"embeddable":true,"href":"https:\/\/naturheilpraxis-limbach.de\/index.php?rest_route=\/wp\/v2\/users\/1"}],"replies":[{"embeddable":true,"href":"https:\/\/naturheilpraxis-limbach.de\/index.php?rest_route=%2Fwp%2Fv2%2Fcomments&post=59"}],"version-history":[{"count":14,"href":"https:\/\/naturheilpraxis-limbach.de\/index.php?rest_route=\/wp\/v2\/pages\/59\/revisions"}],"predecessor-version":[{"id":153,"href":"https:\/\/naturheilpraxis-limbach.de\/index.php?rest_route=\/wp\/v2\/pages\/59\/revisions\/153"}],"wp:attachment":[{"href":"https:\/\/naturheilpraxis-limbach.de\/index.php?rest_route=%2Fwp%2Fv2%2Fmedia&parent=59"}],"curies":[{"name":"wp","href":"https:\/\/api.w.org\/{rel}","templated":true}]}}