{"id":88,"date":"2024-09-26T08:23:20","date_gmt":"2024-09-26T08:23:20","guid":{"rendered":"https:\/\/naturheilpraxis-limbach.de\/?page_id=88"},"modified":"2024-09-26T08:24:31","modified_gmt":"2024-09-26T08:24:31","slug":"impressum","status":"publish","type":"page","link":"https:\/\/naturheilpraxis-limbach.de\/?page_id=88","title":{"rendered":"Impressum"},"content":{"rendered":"\t\t<div data-elementor-type=\"wp-page\" data-elementor-id=\"88\" class=\"elementor elementor-88\">\n\t\t\t\t<div class=\"elementor-element elementor-element-5803bc36 e-flex e-con-boxed e-con e-parent\" data-id=\"5803bc36\" data-element_type=\"container\" data-e-type=\"container\">\n\t\t\t\t\t<div class=\"e-con-inner\">\n\t\t\t\t<div class=\"elementor-element elementor-element-571e93e elementor-widget elementor-widget-text-editor\" data-id=\"571e93e\" data-element_type=\"widget\" data-e-type=\"widget\" data-widget_type=\"text-editor.default\">\n\t\t\t\t<div class=\"elementor-widget-container\">\n\t\t\t\t\t\t\t\t\t<p><\/p>\n<p><span style=\"color: var( --e-global-color-text ); font-family: var( --e-global-typography-text-font-family ), Sans-serif; font-weight: var( --e-global-typography-text-font-weight ); text-align: var(--text-align); background-color: var(--wp--preset--color--base); font-size: var(--wp--preset--font-size--medium);\">Naturheilpraxis Limbach<\/span><\/p>\n<p><span style=\"color: var( --e-global-color-text ); font-family: var( --e-global-typography-text-font-family ), Sans-serif; font-weight: var( --e-global-typography-text-font-weight ); text-align: var(--text-align); background-color: var(--wp--preset--color--base); font-size: var(--wp--preset--font-size--medium);\">Heiko Limbach<\/span><\/p>\n<p>Heilpraktiker<br \/>Berliner Ring 3<br \/>26603 Aurich<br \/>Kontakt<br \/>Telefon: 04941 4491<br \/>Telefax: 04941 2206<br \/>E-Mail: naturheilpraxis-limbach@web.de<\/p>\n<p><\/p>\n<p><\/p>\n<p><br \/>Berufsbezeichnung und berufsrechtliche Regelungen<br \/>Berufsbezeichnung:<br \/>Heilpraktiker<\/p>\n<p><\/p>\n<p><\/p>\n<p><br \/>Zust\u00e4ndige Kammer:<br \/>Gesundheitsamt des Landkreises Aurich<br \/>Extumer Weg 29<br \/>26603 Aurich<br \/>Telefon: 04941 16-5300<br \/>Email: info@landkreis-aurich.de<\/p>\n<p><\/p>\n<p><\/p>\n<p><em>Heiko Limbach f\u00fchrt die Berufsbezeichnung Heilpraktiker, die in der Bundesrepublik Deutschland verliehen wurde.<\/em><\/p>\n<p><\/p>\n<p><\/p>\n<p><em>Berufsrechtliche Regeln sind das\u00a0Gesetz \u00fcber die berufsm\u00e4\u00dfige Aus\u00fcbung der Heilkunde ohne Bestallung\u00a0(Heilpraktikergesetz) und die Erste Durchf\u00fchrungsverordnung zum Heilpraktikergesetz. Diese sind einsehbar unter\u00a0<a href=\"http:\/\/www.gesetze-im-internet.de\/\" target=\"_blank\" rel=\"noreferrer noopener\">www.gesetze-im-internet.de<\/a>.<\/em><\/p>\n<p><\/p>\n<p><\/p>\n<p><em>Inhaltlich Verantwortlicher gem\u00e4\u00df \u00a7 18 Abs. 2 MStV:\u00a0 Heiko Limbach<\/em><\/p>\n<p><\/p>\n<p><\/p>\n<p><br \/>EU-Streitschlichtung<br \/>Die Europ\u00e4ische Kommission stellt eine Plattform zur Online-Streitbeilegung (OS) bereit:<br \/>https:\/\/ec.europa.eu\/consumers\/odr\/.<br \/>Unsere E-Mail-Adresse finden Sie oben im Impressum.<\/p>\n<p><\/p>\n<p><\/p>\n<p><br \/>Verbraucherstreitbeilegung\/Universalschlichtungsstelle:<br \/>Wir sind nicht bereit oder verpflichtet, an Streitbeilegungsverfahren vor einer<br \/>Verbraucherschlichtungsstelle teilzunehmen.<br \/>Quelle:<br \/>https:\/\/www.e-recht24.de\/impressum-generator.html<\/p>\n<p><\/p>\t\t\t\t\t\t\t\t<\/div>\n\t\t\t\t<\/div>\n\t\t\t\t\t<\/div>\n\t\t\t\t<\/div>\n\t\t\t\t<\/div>\n\t\t","protected":false},"excerpt":{"rendered":"<p>Naturheilpraxis Limbach Heiko Limbach HeilpraktikerBerliner Ring 326603 AurichKontaktTelefon: 04941 4491Telefax: 04941 2206E-Mail: naturheilpraxis-limbach@web.de Berufsbezeichnung und berufsrechtliche RegelungenBerufsbezeichnung:Heilpraktiker Zust\u00e4ndige Kammer:Gesundheitsamt des Landkreises AurichExtumer Weg 2926603 AurichTelefon: 04941 16-5300Email: info@landkreis-aurich.de Heiko Limbach f\u00fchrt die Berufsbezeichnung Heilpraktiker, die in der Bundesrepublik Deutschland verliehen wurde. Berufsrechtliche Regeln sind das\u00a0Gesetz \u00fcber die berufsm\u00e4\u00dfige Aus\u00fcbung der Heilkunde ohne Bestallung\u00a0(Heilpraktikergesetz) und die [&hellip;]<\/p>\n","protected":false},"author":1,"featured_media":0,"parent":0,"menu_order":0,"comment_status":"closed","ping_status":"closed","template":"","meta":{"footnotes":""},"class_list":["post-88","page","type-page","status-publish","hentry"],"_links":{"self":[{"href":"https:\/\/naturheilpraxis-limbach.de\/index.php?rest_route=\/wp\/v2\/pages\/88","targetHints":{"allow":["GET"]}}],"collection":[{"href":"https:\/\/naturheilpraxis-limbach.de\/index.php?rest_route=\/wp\/v2\/pages"}],"about":[{"href":"https:\/\/naturheilpraxis-limbach.de\/index.php?rest_route=\/wp\/v2\/types\/page"}],"author":[{"embeddable":true,"href":"https:\/\/naturheilpraxis-limbach.de\/index.php?rest_route=\/wp\/v2\/users\/1"}],"replies":[{"embeddable":true,"href":"https:\/\/naturheilpraxis-limbach.de\/index.php?rest_route=%2Fwp%2Fv2%2Fcomments&post=88"}],"version-history":[{"count":4,"href":"https:\/\/naturheilpraxis-limbach.de\/index.php?rest_route=\/wp\/v2\/pages\/88\/revisions"}],"predecessor-version":[{"id":92,"href":"https:\/\/naturheilpraxis-limbach.de\/index.php?rest_route=\/wp\/v2\/pages\/88\/revisions\/92"}],"wp:attachment":[{"href":"https:\/\/naturheilpraxis-limbach.de\/index.php?rest_route=%2Fwp%2Fv2%2Fmedia&parent=88"}],"curies":[{"name":"wp","href":"https:\/\/api.w.org\/{rel}","templated":true}]}}